{"id":488,"date":"2025-02-16T09:49:33","date_gmt":"2025-02-16T08:49:33","guid":{"rendered":"https:\/\/www.kga.ch\/wordpress\/?page_id=488"},"modified":"2026-02-22T17:59:36","modified_gmt":"2026-02-22T16:59:36","slug":"impressum-knabengesellschaft-andeer-kga","status":"publish","type":"page","link":"https:\/\/www.kga.ch\/wordpress\/?page_id=488","title":{"rendered":"Impressum der Knabengesellschaft Andeer (KGA)"},"content":{"rendered":"\n<h3 class=\"wp-block-heading\"><strong>Impressum<\/strong><\/h3>\n\n\n\n<p><strong>Knabengesellschaft Andeer<\/strong><br>7440 Andeer<br>Schweiz<\/p>\n\n\n\n<p><strong>Vertreten durch:<\/strong><br>Maurizio Mani<br>Veia Liorasei 10<br>7443 Pignia<br>+41 79 885 96 59<br>mani.maurizio23@icloud.com<br>Website: <a href=\"https:\/\/www.kga.ch\">www.kga.ch<\/a><\/p>\n\n\n\n<p><strong>Haftungsausschluss:<\/strong><br>Die Knabengesellschaft Andeer \u00fcbernimmt keine Gew\u00e4hr f\u00fcr die Aktualit\u00e4t, Korrektheit, Vollst\u00e4ndigkeit oder Qualit\u00e4t der bereitgestellten Informationen. Haftungsanspr\u00fcche gegen den Verein, die sich auf Sch\u00e4den materieller oder ideeller Art beziehen, welche durch die Nutzung der dargebotenen Informationen verursacht wurden, sind grunds\u00e4tzlich ausgeschlossen.<\/p>\n\n\n\n<p><strong>Urheberrecht:<\/strong><br>Die durch die Knabengesellschaft Andeer erstellten Inhalte und Werke auf dieser Website unterliegen dem schweizerischen Urheberrecht. Beitr\u00e4ge Dritter sind als solche gekennzeichnet. Die Vervielf\u00e4ltigung, Bearbeitung, Verbreitung und jede Art der Verwertung au\u00dferhalb der Grenzen des Urheberrechts bed\u00fcrfen der schriftlichen Zustimmung des jeweiligen Autors bzw. Erstellers.<\/p>\n\n\n\n<p><strong>Externe Links:<\/strong><br>Unsere Website enth\u00e4lt Links zu externen Webseiten Dritter, auf deren Inhalte wir keinen Einfluss haben. Daher \u00fcbernehmen wir keine Gew\u00e4hr f\u00fcr diese fremden Inhalte. F\u00fcr die Inhalte der verlinkten Seiten ist stets der jeweilige Anbieter oder Betreiber der Seiten verantwortlich.<\/p>\n","protected":false},"excerpt":{"rendered":"<p>Impressum Knabengesellschaft Andeer7440 AndeerSchweiz Vertreten durch:Maurizio ManiVeia Liorasei 107443 Pignia+41 79 885 96 59mani.maurizio23@icloud.comWebsite: www.kga.ch Haftungsausschluss:Die Knabengesellschaft Andeer \u00fcbernimmt keine Gew\u00e4hr f\u00fcr die Aktualit\u00e4t, Korrektheit, Vollst\u00e4ndigkeit oder Qualit\u00e4t der bereitgestellten Informationen. Haftungsanspr\u00fcche gegen den Verein, die sich auf Sch\u00e4den materieller oder ideeller Art beziehen, welche durch die Nutzung der dargebotenen Informationen verursacht wurden, sind grunds\u00e4tzlich [&hellip;]<\/p>\n","protected":false},"author":1,"featured_media":0,"parent":0,"menu_order":0,"comment_status":"closed","ping_status":"closed","template":"","meta":{"footnotes":""},"class_list":["post-488","page","type-page","status-publish","hentry"],"yoast_head":"<!-- This site is optimized with the Yoast SEO plugin v27.5 - https:\/\/yoast.com\/product\/yoast-seo-wordpress\/ -->\n<title>Impressum der Knabengesellschaft Andeer (KGA) - Knabengesellschaft Andeer KGA<\/title>\n<meta name=\"description\" content=\"Impressum der Knabengesellschaft Andeer KGA\" \/>\n<meta name=\"robots\" content=\"index, follow, max-snippet:-1, max-image-preview:large, max-video-preview:-1\" \/>\n<link rel=\"canonical\" href=\"https:\/\/www.kga.ch\/wordpress\/?page_id=488\" \/>\n<meta property=\"og:locale\" content=\"de_DE\" \/>\n<meta property=\"og:type\" content=\"article\" \/>\n<meta property=\"og:title\" content=\"Impressum der Knabengesellschaft Andeer (KGA) - Knabengesellschaft Andeer KGA\" \/>\n<meta property=\"og:description\" content=\"Impressum der Knabengesellschaft Andeer KGA\" \/>\n<meta property=\"og:url\" content=\"https:\/\/www.kga.ch\/wordpress\/?page_id=488\" \/>\n<meta property=\"og:site_name\" content=\"Knabengesellschaft Andeer\" \/>\n<meta property=\"article:publisher\" content=\"https:\/\/www.facebook.com\/kgandeer\/?locale=de_DE\" \/>\n<meta property=\"article:modified_time\" content=\"2026-02-22T16:59:36+00:00\" \/>\n<meta property=\"og:image\" content=\"https:\/\/www.kga.ch\/wordpress\/wp-content\/uploads\/2023\/11\/cropped-cropped-kga.png\" \/>\n\t<meta property=\"og:image:width\" content=\"512\" \/>\n\t<meta property=\"og:image:height\" content=\"425\" \/>\n\t<meta property=\"og:image:type\" content=\"image\/png\" \/>\n<meta name=\"twitter:card\" content=\"summary_large_image\" \/>\n<meta name=\"twitter:site\" content=\"@Knabengesellschaft_andeer\" \/>\n<meta name=\"twitter:label1\" content=\"Gesch\u00e4tzte Lesezeit\" \/>\n\t<meta name=\"twitter:data1\" content=\"1\u00a0Minute\" \/>\n<script type=\"application\/ld+json\" class=\"yoast-schema-graph\">{\"@context\":\"https:\\\/\\\/schema.org\",\"@graph\":[{\"@type\":\"WebPage\",\"@id\":\"https:\\\/\\\/www.kga.ch\\\/wordpress\\\/?page_id=488\",\"url\":\"https:\\\/\\\/www.kga.ch\\\/wordpress\\\/?page_id=488\",\"name\":\"Impressum der Knabengesellschaft Andeer (KGA) - Knabengesellschaft Andeer KGA\",\"isPartOf\":{\"@id\":\"https:\\\/\\\/www.kga.ch\\\/wordpress\\\/#website\"},\"datePublished\":\"2025-02-16T08:49:33+00:00\",\"dateModified\":\"2026-02-22T16:59:36+00:00\",\"description\":\"Impressum der Knabengesellschaft Andeer KGA\",\"breadcrumb\":{\"@id\":\"https:\\\/\\\/www.kga.ch\\\/wordpress\\\/?page_id=488#breadcrumb\"},\"inLanguage\":\"de-CH\",\"potentialAction\":[{\"@type\":\"ReadAction\",\"target\":[\"https:\\\/\\\/www.kga.ch\\\/wordpress\\\/?page_id=488\"]}]},{\"@type\":\"BreadcrumbList\",\"@id\":\"https:\\\/\\\/www.kga.ch\\\/wordpress\\\/?page_id=488#breadcrumb\",\"itemListElement\":[{\"@type\":\"ListItem\",\"position\":1,\"name\":\"Startseite\",\"item\":\"https:\\\/\\\/www.kga.ch\\\/wordpress\\\/\"},{\"@type\":\"ListItem\",\"position\":2,\"name\":\"Impressum Knabengesellschaft Andeer KGA\"}]},{\"@type\":\"WebSite\",\"@id\":\"https:\\\/\\\/www.kga.ch\\\/wordpress\\\/#website\",\"url\":\"https:\\\/\\\/www.kga.ch\\\/wordpress\\\/\",\"name\":\"Knabengesellschaft Andeer KGA\",\"description\":\"Knabengesellschaft Andeer KGA\",\"publisher\":{\"@id\":\"https:\\\/\\\/www.kga.ch\\\/wordpress\\\/#organization\"},\"alternateName\":\"KGA - Knabengesellschaft Andeer\",\"potentialAction\":[{\"@type\":\"SearchAction\",\"target\":{\"@type\":\"EntryPoint\",\"urlTemplate\":\"https:\\\/\\\/www.kga.ch\\\/wordpress\\\/?s={search_term_string}\"},\"query-input\":{\"@type\":\"PropertyValueSpecification\",\"valueRequired\":true,\"valueName\":\"search_term_string\"}}],\"inLanguage\":\"de-CH\"},{\"@type\":\"Organization\",\"@id\":\"https:\\\/\\\/www.kga.ch\\\/wordpress\\\/#organization\",\"name\":\"Knabengesellschaft Andeer\",\"url\":\"https:\\\/\\\/www.kga.ch\\\/wordpress\\\/\",\"logo\":{\"@type\":\"ImageObject\",\"inLanguage\":\"de-CH\",\"@id\":\"https:\\\/\\\/www.kga.ch\\\/wordpress\\\/#\\\/schema\\\/logo\\\/image\\\/\",\"url\":\"https:\\\/\\\/www.kga.ch\\\/wordpress\\\/wp-content\\\/uploads\\\/2023\\\/11\\\/kga.png\",\"contentUrl\":\"https:\\\/\\\/www.kga.ch\\\/wordpress\\\/wp-content\\\/uploads\\\/2023\\\/11\\\/kga.png\",\"width\":219,\"height\":230,\"caption\":\"Knabengesellschaft Andeer\"},\"image\":{\"@id\":\"https:\\\/\\\/www.kga.ch\\\/wordpress\\\/#\\\/schema\\\/logo\\\/image\\\/\"},\"sameAs\":[\"https:\\\/\\\/www.facebook.com\\\/kgandeer\\\/?locale=de_DE\",\"https:\\\/\\\/x.com\\\/Knabengesellschaft_andeer\"]}]}<\/script>\n<!-- \/ Yoast SEO plugin. -->","yoast_head_json":{"title":"Impressum der Knabengesellschaft Andeer (KGA) - Knabengesellschaft Andeer KGA","description":"Impressum der Knabengesellschaft Andeer KGA","robots":{"index":"index","follow":"follow","max-snippet":"max-snippet:-1","max-image-preview":"max-image-preview:large","max-video-preview":"max-video-preview:-1"},"canonical":"https:\/\/www.kga.ch\/wordpress\/?page_id=488","og_locale":"de_DE","og_type":"article","og_title":"Impressum der Knabengesellschaft Andeer (KGA) - Knabengesellschaft Andeer KGA","og_description":"Impressum der Knabengesellschaft Andeer KGA","og_url":"https:\/\/www.kga.ch\/wordpress\/?page_id=488","og_site_name":"Knabengesellschaft Andeer","article_publisher":"https:\/\/www.facebook.com\/kgandeer\/?locale=de_DE","article_modified_time":"2026-02-22T16:59:36+00:00","og_image":[{"width":512,"height":425,"url":"https:\/\/www.kga.ch\/wordpress\/wp-content\/uploads\/2023\/11\/cropped-cropped-kga.png","type":"image\/png"}],"twitter_card":"summary_large_image","twitter_site":"@Knabengesellschaft_andeer","twitter_misc":{"Gesch\u00e4tzte Lesezeit":"1\u00a0Minute"},"schema":{"@context":"https:\/\/schema.org","@graph":[{"@type":"WebPage","@id":"https:\/\/www.kga.ch\/wordpress\/?page_id=488","url":"https:\/\/www.kga.ch\/wordpress\/?page_id=488","name":"Impressum der Knabengesellschaft Andeer (KGA) - Knabengesellschaft Andeer KGA","isPartOf":{"@id":"https:\/\/www.kga.ch\/wordpress\/#website"},"datePublished":"2025-02-16T08:49:33+00:00","dateModified":"2026-02-22T16:59:36+00:00","description":"Impressum der Knabengesellschaft Andeer KGA","breadcrumb":{"@id":"https:\/\/www.kga.ch\/wordpress\/?page_id=488#breadcrumb"},"inLanguage":"de-CH","potentialAction":[{"@type":"ReadAction","target":["https:\/\/www.kga.ch\/wordpress\/?page_id=488"]}]},{"@type":"BreadcrumbList","@id":"https:\/\/www.kga.ch\/wordpress\/?page_id=488#breadcrumb","itemListElement":[{"@type":"ListItem","position":1,"name":"Startseite","item":"https:\/\/www.kga.ch\/wordpress\/"},{"@type":"ListItem","position":2,"name":"Impressum Knabengesellschaft Andeer KGA"}]},{"@type":"WebSite","@id":"https:\/\/www.kga.ch\/wordpress\/#website","url":"https:\/\/www.kga.ch\/wordpress\/","name":"Knabengesellschaft Andeer KGA","description":"Knabengesellschaft Andeer KGA","publisher":{"@id":"https:\/\/www.kga.ch\/wordpress\/#organization"},"alternateName":"KGA - Knabengesellschaft Andeer","potentialAction":[{"@type":"SearchAction","target":{"@type":"EntryPoint","urlTemplate":"https:\/\/www.kga.ch\/wordpress\/?s={search_term_string}"},"query-input":{"@type":"PropertyValueSpecification","valueRequired":true,"valueName":"search_term_string"}}],"inLanguage":"de-CH"},{"@type":"Organization","@id":"https:\/\/www.kga.ch\/wordpress\/#organization","name":"Knabengesellschaft Andeer","url":"https:\/\/www.kga.ch\/wordpress\/","logo":{"@type":"ImageObject","inLanguage":"de-CH","@id":"https:\/\/www.kga.ch\/wordpress\/#\/schema\/logo\/image\/","url":"https:\/\/www.kga.ch\/wordpress\/wp-content\/uploads\/2023\/11\/kga.png","contentUrl":"https:\/\/www.kga.ch\/wordpress\/wp-content\/uploads\/2023\/11\/kga.png","width":219,"height":230,"caption":"Knabengesellschaft Andeer"},"image":{"@id":"https:\/\/www.kga.ch\/wordpress\/#\/schema\/logo\/image\/"},"sameAs":["https:\/\/www.facebook.com\/kgandeer\/?locale=de_DE","https:\/\/x.com\/Knabengesellschaft_andeer"]}]}},"_links":{"self":[{"href":"https:\/\/www.kga.ch\/wordpress\/index.php?rest_route=\/wp\/v2\/pages\/488","targetHints":{"allow":["GET"]}}],"collection":[{"href":"https:\/\/www.kga.ch\/wordpress\/index.php?rest_route=\/wp\/v2\/pages"}],"about":[{"href":"https:\/\/www.kga.ch\/wordpress\/index.php?rest_route=\/wp\/v2\/types\/page"}],"author":[{"embeddable":true,"href":"https:\/\/www.kga.ch\/wordpress\/index.php?rest_route=\/wp\/v2\/users\/1"}],"replies":[{"embeddable":true,"href":"https:\/\/www.kga.ch\/wordpress\/index.php?rest_route=%2Fwp%2Fv2%2Fcomments&post=488"}],"version-history":[{"count":3,"href":"https:\/\/www.kga.ch\/wordpress\/index.php?rest_route=\/wp\/v2\/pages\/488\/revisions"}],"predecessor-version":[{"id":547,"href":"https:\/\/www.kga.ch\/wordpress\/index.php?rest_route=\/wp\/v2\/pages\/488\/revisions\/547"}],"wp:attachment":[{"href":"https:\/\/www.kga.ch\/wordpress\/index.php?rest_route=%2Fwp%2Fv2%2Fmedia&parent=488"}],"curies":[{"name":"wp","href":"https:\/\/api.w.org\/{rel}","templated":true}]}}