{"id":472,"date":"2025-02-16T09:38:55","date_gmt":"2025-02-16T08:38:55","guid":{"rendered":"https:\/\/www.kga.ch\/wordpress\/?page_id=472"},"modified":"2025-02-16T11:41:27","modified_gmt":"2025-02-16T10:41:27","slug":"statuten-der-knabengesellschaft-andeer","status":"publish","type":"page","link":"https:\/\/www.kga.ch\/wordpress\/?page_id=472","title":{"rendered":"Statuten"},"content":{"rendered":"<a class=\"wp-block-read-more\" href=\"https:\/\/www.kga.ch\/wordpress\/?page_id=472\" target=\"_self\">https:\/\/www.kga.ch\/wordpress\/wp-content\/uploads\/2012\/11\/kga_statuten1.pdf<span class=\"screen-reader-text\">: Statuten<\/span><\/a>\n\n\n<p class=\"has-text-align-center\">Zweck der Gesellschaft<\/p>\n\n\n\n<p class=\"has-text-align-center\">Art. 1<\/p>\n\n\n\n<p class=\"has-text-align-center\">Die Knabengesellschaft Andeer hat den Zweck, eine n\u00e4here Verbindung unter der Jugend zu pflegen.<\/p>\n\n\n\n<p class=\"has-text-align-center\">Art. 2<\/p>\n\n\n\n<p class=\"has-text-align-center\">Die Gesellschaft bezweckt, die alten Br\u00e4uche zu wahren:<\/p>\n\n\n\n<p class=\"has-text-align-center\">a) Jeder neueintretende Knabe ist verpflichtet, dreimal \u00fcber den Vereinsbesen zu springen sowie<\/p>\n\n\n\n<p class=\"has-text-align-center\">Lieder aus dem Liederb\u00fcchlein der Knabengesellschaft vorzusingen. Im Weiteren ist er<\/p>\n\n\n\n<p class=\"has-text-align-center\">verpflichtet einen halben Liter Weisswein aus dem Vereinspokal so schnell wie m\u00f6glich zu<\/p>\n\n\n\n<p class=\"has-text-align-center\">trinken.<\/p>\n\n\n\n<p class=\"has-text-align-center\">b) Jeweils nach der ordentlichen Generalversammlung sind die drei j\u00fcngsten eingetretenen<\/p>\n\n\n\n<p class=\"has-text-align-center\">Knaben verpflichtet, mit dem Vereinsbesen die Dorfm\u00e4dchen zur Abendunterhaltung einzuladen.<\/p>\n\n\n\n<p class=\"has-text-align-center\">c) Jedes eingeladene M\u00e4dchen, welches gesinnt ist, sich an der Abendunterhaltung zu beteiligen,<\/p>\n\n\n\n<p class=\"has-text-align-center\">ist verpflichtet, den Vereinsbesen mit einem farbigen Band zu schm\u00fccken, ansonsten muss sie<\/p>\n\n\n\n<p class=\"has-text-align-center\">den Eintritt selbst bezahlen.<\/p>\n\n\n\n<p class=\"has-text-align-center\">d) Die Knabengesellschaft geht an die Landsgemeinde und begleitet den Kreis-Pr\u00e4sidenten hin<\/p>\n\n\n\n<p class=\"has-text-align-center\">und zur\u00fcck.<\/p>\n\n\n\n<p class=\"has-text-align-center\">e) Die Knabengesellschaft organisiert den Stephans-Ball, weitere Anl\u00e4sse und Vereinsausfl\u00fcge.<\/p>\n\n\n\n<p class=\"has-text-align-center\">f) Im Weiteren werden auf Wunsch der Mitglieder Bergtouren durchgef\u00fchrt, wobei auch die<\/p>\n\n\n\n<p class=\"has-text-align-center\">M\u00e4dchen eingeladen werden k\u00f6nnen.<\/p>\n\n\n\n<p class=\"has-text-align-center\">g) Die Knabengesellschaft f\u00fchrt auch den Samiklaus u.a. Veranstaltungen durch.<\/p>\n\n\n\n<p class=\"has-text-align-center\">Art. 3<\/p>\n\n\n\n<p class=\"has-text-align-center\">Mitglied kann jeder in Andeer, Pignia oder Clugin ans\u00e4ssige volksschulentlassene Knabe werden.<\/p>\n\n\n\n<p class=\"has-text-align-center\">Ferner k\u00f6nnen auch Ausw\u00e4rtige aufgenommen werden, die in Andeer mindestens drei Jahre die<\/p>\n\n\n\n<p class=\"has-text-align-center\">Volksschule besucht haben.<\/p>\n\n\n\n<p class=\"has-text-align-center\">Art. 4<\/p>\n\n\n\n<p class=\"has-text-align-center\">a) Jedes Mitglied hat einen Jahresbeitrag von Fr. 15.&#8211; zu bezahlen, sofern er das 30. Altersjahr<\/p>\n\n\n\n<p class=\"has-text-align-center\">nicht \u00fcberschritten wurde.<\/p>\n\n\n\n<p class=\"has-text-align-center\">b) Jedes Mitglied bezahlt bei seinem Austritt sei es durch Heirat, Wegzug oder aus anderen<\/p>\n\n\n\n<p class=\"has-text-align-center\">Gr\u00fcnden Fr. 15.&#8211;.<\/p>\n\n\n\n<p class=\"has-text-align-center\">c) Zieht es jedoch ein Mitglied vor, der Gesellschaft eine Zuwendung in einer anderen Form zu<\/p>\n\n\n\n<p class=\"has-text-align-center\">machen, so entf\u00e4llt Absatz a), sofern der Mindestgegenwert von Absatz a) nicht unterschritten<\/p>\n\n\n\n<p class=\"has-text-align-center\">wird.<\/p>\n\n\n\n<p class=\"has-text-align-center\">Rechte und Pflichten der Mitglieder<\/p>\n\n\n\n<p class=\"has-text-align-center\">Art. 5<\/p>\n\n\n\n<p class=\"has-text-align-center\">Jedes Mitglied hat das Recht, an den Versammlungen und Veranstaltungen teilzunehmen, sowie<\/p>\n\n\n\n<p class=\"has-text-align-center\">Antr\u00e4ge zu stellen.<\/p>\n\n\n\n<p class=\"has-text-align-center\">Art. 6<\/p>\n\n\n\n<p class=\"has-text-align-center\">Eine Wahl in den Vorstand muss jeder annehmen, der das 30. Altersjahr nicht \u00fcberschritten hat, wenn<\/p>\n\n\n\n<p class=\"has-text-align-center\">er nicht triftige Gr\u00fcnde dagegen hat. Als triftige Gr\u00fcnde gelten: l\u00e4ngere Abwesenheit oder fr\u00fchere<\/p>\n\n\n\n<p class=\"has-text-align-center\">Vorstandst\u00e4tigkeit.<\/p>\n\n\n\n<p class=\"has-text-align-center\">Art. 7<\/p>\n\n\n\n<p class=\"has-text-align-center\">Jedes Mitglied der Gesellschaft, welcher das 30. Altersjahr nicht \u00fcberschritten hat, zahlt bei der<\/p>\n\n\n\n<p class=\"has-text-align-center\">Teilnahme an Vereinsanl\u00e4ssen das festgesetzte Aufr\u00e4umgeld. Bei der Mithilfe des Aufr\u00e4umens wird<\/p>\n\n\n\n<p class=\"has-text-align-center\">der Betrag zur\u00fcckerstattet. Nicht zur\u00fcckbezahltes Aufr\u00e4umgeld bleibt in der Vereinskasse.<\/p>\n\n\n\n<p class=\"has-text-align-center\">Art. 8<\/p>\n\n\n\n<p class=\"has-text-align-center\">Der Vereinsj\u00fcngste bewahrt in ordentlicher Weise den Vereinsbesen auf.<\/p>\n\n\n\n<p class=\"has-text-align-center\">Art. 9<\/p>\n\n\n\n<p class=\"has-text-align-center\">Jedes Mitglied hat Anrecht auf ein Exemplar der vorliegenden Statuten. Versammlung<\/p>\n\n\n\n<p class=\"has-text-align-center\">Art. 10<\/p>\n\n\n\n<p class=\"has-text-align-center\">Die Gesellschaft versammelt sich ordentlicherweise j\u00e4hrlich einmal am 26. Dezember mit folgenden<\/p>\n\n\n\n<p class=\"has-text-align-center\">Obliegenheiten:<\/p>\n\n\n\n<p class=\"has-text-align-center\">a) Genehmigung der Jahresrechnung<\/p>\n\n\n\n<p class=\"has-text-align-center\">b) Aufnahme neuer Mitglieder<\/p>\n\n\n\n<p class=\"has-text-align-center\">c) Wahlen<\/p>\n\n\n\n<p class=\"has-text-align-center\">d) Beratung wichtiger Tagesfragen<\/p>\n\n\n\n<p class=\"has-text-align-center\">e) Beschl\u00fcsse \u00fcber \u00c4nderungen der Statuten Der Vorstand hat bei wichtigen Traktanden<\/p>\n\n\n\n<p class=\"has-text-align-center\">ausserordentliche Versammlungen einzuberufen.<\/p>\n\n\n\n<p class=\"has-text-align-center\">Art. 11<\/p>\n\n\n\n<p class=\"has-text-align-center\">Jede ordnungsgem\u00e4ss einberufene Versammlung ist beschlussf\u00e4hig. Die Versammlung ist<\/p>\n\n\n\n<p class=\"has-text-align-center\">ordnungsgem\u00e4ss einberufen, wenn die Einladung mindestens 10 Tage vorher mittels Anschlag am<\/p>\n\n\n\n<p class=\"has-text-align-center\">Schwarzen Brett sowie durch eine Anzeige im P\u00f6schtli erfolgt ist. Beschl\u00fcsse werden durch offene Abstimmung mit dem relativen Mehr gefasst. Wahlen und Abstimmungen<\/p>\n\n\n\n<p class=\"has-text-align-center\">Art. 12<\/p>\n\n\n\n<p class=\"has-text-align-center\">Die Gesellschaft kann in der Hauptversammlung in offener Abstimmung den Vorstand w\u00e4hlen, dem<\/p>\n\n\n\n<p class=\"has-text-align-center\">die Leitung der Gesellschaft \u00fcbertragen wird. Die Mitglieder des Vorstandes sind wieder w\u00e4hlbar,<\/p>\n\n\n\n<p class=\"has-text-align-center\">jedoch nicht verpflichtet eine Wiederwahl anzunehmen. Zuerst ist der Pr\u00e4sident und dann die anderen<\/p>\n\n\n\n<p class=\"has-text-align-center\">Vorstandsmitglieder zu w\u00e4hlen. Gew\u00e4hlt ist, wer im ersten Wahlgang das absolute Mehr erreicht hat.<\/p>\n\n\n\n<p class=\"has-text-align-center\">In weiteren Wahlg\u00e4ngen entscheidet das relative Mehr. Die Revisoren werden mit relativem<\/p>\n\n\n\n<p class=\"has-text-align-center\">Handmehr gew\u00e4hlt.<\/p>\n\n\n\n<p class=\"has-text-align-center\">Art. 13<\/p>\n\n\n\n<p class=\"has-text-align-center\">Die Wahl des Vorstandes kann in offener Abstimmung erfolgen.<\/p>\n\n\n\n<p class=\"has-text-align-center\">Organe<\/p>\n\n\n\n<p class=\"has-text-align-center\">Art. 14<\/p>\n\n\n\n<p class=\"has-text-align-center\">Organe der Gesellschaft sind:<\/p>\n\n\n\n<p class=\"has-text-align-center\">a) Der Vorstand, bestehend aus:<\/p>\n\n\n\n<p class=\"has-text-align-center\">\u00a7 Pr\u00e4sident<\/p>\n\n\n\n<p class=\"has-text-align-center\">\u00a7 Aktuar, zugleich Vizepr\u00e4sident<\/p>\n\n\n\n<p class=\"has-text-align-center\">\u00a7 Kassier<\/p>\n\n\n\n<p class=\"has-text-align-center\">b) zwei Rechnungsrevisoren<\/p>\n\n\n\n<p class=\"has-text-align-center\">Art. 15<\/p>\n\n\n\n<p class=\"has-text-align-center\">Der Vorstand hat die Vollziehung der Statuten und Vereinsbeschl\u00fcsse zu \u00fcberwachen, sowie Angelegenheiten von geringer Tragweite zu besorgen und ist verpflichtet, vor jeder Versammlung die<\/p>\n\n\n\n<p class=\"has-text-align-center\">betreffenden Traktanden oder diesbez\u00fcgliche Angelegenheiten bekannt zu geben.<\/p>\n\n\n\n<p class=\"has-text-align-center\">Art. 16<\/p>\n\n\n\n<p class=\"has-text-align-center\">Der Pr\u00e4sident besorgt die Einberufung der ordentlichen und ausserordentlichen Versammlungen und<\/p>\n\n\n\n<p class=\"has-text-align-center\">leitet sie und sorgt in erster Linie f\u00fcr die Vollziehung der Beschl\u00fcsse. Er ist verpflichtet, die<\/p>\n\n\n\n<p class=\"has-text-align-center\">Vereinsfahne aufzubewahren.<\/p>\n\n\n\n<p class=\"has-text-align-center\">Art. 17<\/p>\n\n\n\n<p class=\"has-text-align-center\">Der Aktuar, zugleich Vizepr\u00e4sident, verzeichnet die gefassten Beschl\u00fcsse, Antr\u00e4ge und Anregungen in<\/p>\n\n\n\n<p class=\"has-text-align-center\">ordentlicher Weise und f\u00fchrt das Mitgliederverzeichnis. Er ist verpflichtet, s\u00e4mtliche Dokumente, alte<\/p>\n\n\n\n<p class=\"has-text-align-center\">Protokolle und Statuten aufzubewahren. Er liest in jeder Versammlung das Protokoll der<\/p>\n\n\n\n<p class=\"has-text-align-center\">vorhergehenden Versammlung vor.<\/p>\n\n\n\n<p class=\"has-text-align-center\">Art. 18<\/p>\n\n\n\n<p class=\"has-text-align-center\">Der Kassier besorgt die Kasse, zieht die Jahresbeitr\u00e4ge, die Austrittsgelder sowie die \u00fcbrigen<\/p>\n\n\n\n<p class=\"has-text-align-center\">Einnahmen ein. Er besorgt die Auslagen und legt am Schluss jedes Jahres dem Vorstand zu Handen<\/p>\n\n\n\n<p class=\"has-text-align-center\">der Gesellschaft Rechnung ab. Er hat die finanziellen Interessen der Gesellschaft zu wahren. Der<\/p>\n\n\n\n<p class=\"has-text-align-center\">Kassier ist verpflichtet, s\u00e4mtliche Belege aufzubewahren und den Rechnungsrevisoren zur Pr\u00fcfung<\/p>\n\n\n\n<p class=\"has-text-align-center\">vorzulegen.<\/p>\n\n\n\n<p class=\"has-text-align-center\">Art. 19<\/p>\n\n\n\n<p class=\"has-text-align-center\">Die Rechnungsrevisoren pr\u00fcfen das Rechnungswesen j\u00e4hrlich auf den 26. Dezember und haben der<\/p>\n\n\n\n<p class=\"has-text-align-center\">Versammlung dar\u00fcber Bericht zu erstatten. Finanzwesen<\/p>\n\n\n\n<p class=\"has-text-align-center\">Art. 20<\/p>\n\n\n\n<p class=\"has-text-align-center\">Die Kasse erh\u00e4lt Zufl\u00fcsse aus:<\/p>\n\n\n\n<p class=\"has-text-align-center\">c) Jahresbeitr\u00e4gen von Mitgliedern (siehe Art. 4)<\/p>\n\n\n\n<p class=\"has-text-align-center\">d) Austrittsbeitr\u00e4gen (siehe Art. 4)<\/p>\n\n\n\n<p class=\"has-text-align-center\">e) Aufr\u00e4umgeld (siehe Art. 23)<\/p>\n\n\n\n<p class=\"has-text-align-center\">f) Vereinsanl\u00e4ssen<\/p>\n\n\n\n<p class=\"has-text-align-center\">g) Allf\u00e4lligen Vergabungen<\/p>\n\n\n\n<p class=\"has-text-align-center\">Wer das 30. Lebensjahr erf\u00fcllt hat, kann bei gutem Verhalten die Ehrenmitgliedschaft erlangen. Ihm<\/p>\n\n\n\n<p class=\"has-text-align-center\">steht es frei, den Jahresbeitrag zu entrichten.<\/p>\n\n\n\n<p class=\"has-text-align-center\">Art. 21<\/p>\n\n\n\n<p class=\"has-text-align-center\">Wenn die Kasse einen entbehrlichen \u00dcberschuss aufweist, so wird dieser auf das bestehende Konto der<\/p>\n\n\n\n<p class=\"has-text-align-center\">Graub\u00fcndner Kantonalbank einbezahlt. Strafbestimmungen<\/p>\n\n\n\n<p class=\"has-text-align-center\">Art. 22<\/p>\n\n\n\n<p class=\"has-text-align-center\">Strafbestimmungen sind Obliegenheiten des Vorstandes.<\/p>\n\n\n\n<p class=\"has-text-align-center\">Schlussbestimmungen<\/p>\n\n\n\n<p class=\"has-text-align-center\">Art. 23<\/p>\n\n\n\n<p class=\"has-text-align-center\">Betreffs Ab\u00e4nderung eines gefassten Beschlusses oder Durchf\u00fchrung einer Statutenrevision bedarf es<\/p>\n\n\n\n<p class=\"has-text-align-center\">der Zustimmung des absoluten Mehrs. F\u00fcr eine Statutenrevision ist das absolute Mehr an der Generalversammlung erforderlich.<\/p>\n\n\n\n<p class=\"has-text-align-center\">Art. 24<\/p>\n\n\n\n<p class=\"has-text-align-center\">Wenn 3\/4 der Knabengesellschaft einverstanden sind, kann die Gesellschaft aufgel\u00f6st werden. Bei<\/p>\n\n\n\n<p class=\"has-text-align-center\">Aufl\u00f6sung der Gesellschaft soll ein etwaiger Aktivsaldo einem zu bestimmenden gemeinn\u00fctzigen<\/p>\n\n\n\n<p class=\"has-text-align-center\">Zweck im Dorfe zugewendet werden.<\/p>\n\n\n\n<p class=\"has-text-align-center\">Art. 25<\/p>\n\n\n\n<p class=\"has-text-align-center\">Vorliegende Statuten treten am 26. Dezember 2005 in Kraft.<\/p>\n\n\n\n<p class=\"has-text-align-center\">Art. 26<\/p>\n\n\n\n<p class=\"has-text-align-center\">Vorliegende Statuten wurden von der Knabengesellschaft an der Versammlung vom 26. Dezember<\/p>\n\n\n\n<p class=\"has-text-align-center\">2005 genehmigt.<\/p>\n","protected":false},"excerpt":{"rendered":"<p>Zweck der Gesellschaft Art. 1 Die Knabengesellschaft Andeer hat den Zweck, eine n\u00e4here Verbindung unter der Jugend zu pflegen. Art. 2 Die Gesellschaft bezweckt, die alten Br\u00e4uche zu wahren: a) Jeder neueintretende Knabe ist verpflichtet, dreimal \u00fcber den Vereinsbesen zu springen sowie Lieder aus dem Liederb\u00fcchlein der Knabengesellschaft vorzusingen. Im Weiteren ist er verpflichtet einen [&hellip;]<\/p>\n","protected":false},"author":1,"featured_media":0,"parent":0,"menu_order":0,"comment_status":"closed","ping_status":"closed","template":"","meta":{"footnotes":""},"class_list":["post-472","page","type-page","status-publish","hentry"],"yoast_head":"<!-- This site is optimized with the Yoast SEO plugin v27.5 - https:\/\/yoast.com\/product\/yoast-seo-wordpress\/ -->\n<title>Statuten - Knabengesellschaft Andeer<\/title>\n<meta name=\"robots\" content=\"index, follow, max-snippet:-1, max-image-preview:large, max-video-preview:-1\" \/>\n<link rel=\"canonical\" href=\"https:\/\/www.kga.ch\/wordpress\/?page_id=472\" \/>\n<meta property=\"og:locale\" content=\"de_DE\" \/>\n<meta property=\"og:type\" content=\"article\" \/>\n<meta property=\"og:title\" content=\"Statuten - Knabengesellschaft Andeer\" \/>\n<meta property=\"og:description\" content=\"Zweck der Gesellschaft Art. 1 Die Knabengesellschaft Andeer hat den Zweck, eine n\u00e4here Verbindung unter der Jugend zu pflegen. Art. 2 Die Gesellschaft bezweckt, die alten Br\u00e4uche zu wahren: a) Jeder neueintretende Knabe ist verpflichtet, dreimal \u00fcber den Vereinsbesen zu springen sowie Lieder aus dem Liederb\u00fcchlein der Knabengesellschaft vorzusingen. Im Weiteren ist er verpflichtet einen [&hellip;]\" \/>\n<meta property=\"og:url\" content=\"https:\/\/www.kga.ch\/wordpress\/?page_id=472\" \/>\n<meta property=\"og:site_name\" content=\"Knabengesellschaft Andeer\" \/>\n<meta property=\"article:publisher\" content=\"https:\/\/www.facebook.com\/kgandeer\/?locale=de_DE\" \/>\n<meta property=\"article:modified_time\" content=\"2025-02-16T10:41:27+00:00\" \/>\n<meta property=\"og:image\" content=\"https:\/\/www.kga.ch\/wordpress\/wp-content\/uploads\/2023\/11\/cropped-cropped-kga.png\" \/>\n\t<meta property=\"og:image:width\" content=\"512\" \/>\n\t<meta property=\"og:image:height\" content=\"425\" \/>\n\t<meta property=\"og:image:type\" content=\"image\/png\" \/>\n<meta name=\"twitter:card\" content=\"summary_large_image\" \/>\n<meta name=\"twitter:site\" content=\"@Knabengesellschaft_andeer\" \/>\n<meta name=\"twitter:label1\" content=\"Gesch\u00e4tzte Lesezeit\" \/>\n\t<meta name=\"twitter:data1\" content=\"6\u00a0Minuten\" \/>\n<script type=\"application\/ld+json\" class=\"yoast-schema-graph\">{\"@context\":\"https:\\\/\\\/schema.org\",\"@graph\":[{\"@type\":\"WebPage\",\"@id\":\"https:\\\/\\\/www.kga.ch\\\/wordpress\\\/?page_id=472\",\"url\":\"https:\\\/\\\/www.kga.ch\\\/wordpress\\\/?page_id=472\",\"name\":\"Statuten - Knabengesellschaft Andeer\",\"isPartOf\":{\"@id\":\"https:\\\/\\\/www.kga.ch\\\/wordpress\\\/#website\"},\"datePublished\":\"2025-02-16T08:38:55+00:00\",\"dateModified\":\"2025-02-16T10:41:27+00:00\",\"breadcrumb\":{\"@id\":\"https:\\\/\\\/www.kga.ch\\\/wordpress\\\/?page_id=472#breadcrumb\"},\"inLanguage\":\"de-CH\",\"potentialAction\":[{\"@type\":\"ReadAction\",\"target\":[\"https:\\\/\\\/www.kga.ch\\\/wordpress\\\/?page_id=472\"]}]},{\"@type\":\"BreadcrumbList\",\"@id\":\"https:\\\/\\\/www.kga.ch\\\/wordpress\\\/?page_id=472#breadcrumb\",\"itemListElement\":[{\"@type\":\"ListItem\",\"position\":1,\"name\":\"Startseite\",\"item\":\"https:\\\/\\\/www.kga.ch\\\/wordpress\\\/\"},{\"@type\":\"ListItem\",\"position\":2,\"name\":\"KGA kga Andeer Knabengesellschaft Statuten\"}]},{\"@type\":\"WebSite\",\"@id\":\"https:\\\/\\\/www.kga.ch\\\/wordpress\\\/#website\",\"url\":\"https:\\\/\\\/www.kga.ch\\\/wordpress\\\/\",\"name\":\"Knabengesellschaft Andeer KGA\",\"description\":\"Knabengesellschaft Andeer KGA\",\"publisher\":{\"@id\":\"https:\\\/\\\/www.kga.ch\\\/wordpress\\\/#organization\"},\"alternateName\":\"KGA - Knabengesellschaft Andeer\",\"potentialAction\":[{\"@type\":\"SearchAction\",\"target\":{\"@type\":\"EntryPoint\",\"urlTemplate\":\"https:\\\/\\\/www.kga.ch\\\/wordpress\\\/?s={search_term_string}\"},\"query-input\":{\"@type\":\"PropertyValueSpecification\",\"valueRequired\":true,\"valueName\":\"search_term_string\"}}],\"inLanguage\":\"de-CH\"},{\"@type\":\"Organization\",\"@id\":\"https:\\\/\\\/www.kga.ch\\\/wordpress\\\/#organization\",\"name\":\"Knabengesellschaft Andeer\",\"url\":\"https:\\\/\\\/www.kga.ch\\\/wordpress\\\/\",\"logo\":{\"@type\":\"ImageObject\",\"inLanguage\":\"de-CH\",\"@id\":\"https:\\\/\\\/www.kga.ch\\\/wordpress\\\/#\\\/schema\\\/logo\\\/image\\\/\",\"url\":\"https:\\\/\\\/www.kga.ch\\\/wordpress\\\/wp-content\\\/uploads\\\/2023\\\/11\\\/kga.png\",\"contentUrl\":\"https:\\\/\\\/www.kga.ch\\\/wordpress\\\/wp-content\\\/uploads\\\/2023\\\/11\\\/kga.png\",\"width\":219,\"height\":230,\"caption\":\"Knabengesellschaft Andeer\"},\"image\":{\"@id\":\"https:\\\/\\\/www.kga.ch\\\/wordpress\\\/#\\\/schema\\\/logo\\\/image\\\/\"},\"sameAs\":[\"https:\\\/\\\/www.facebook.com\\\/kgandeer\\\/?locale=de_DE\",\"https:\\\/\\\/x.com\\\/Knabengesellschaft_andeer\"]}]}<\/script>\n<!-- \/ Yoast SEO plugin. -->","yoast_head_json":{"title":"Statuten - Knabengesellschaft Andeer","robots":{"index":"index","follow":"follow","max-snippet":"max-snippet:-1","max-image-preview":"max-image-preview:large","max-video-preview":"max-video-preview:-1"},"canonical":"https:\/\/www.kga.ch\/wordpress\/?page_id=472","og_locale":"de_DE","og_type":"article","og_title":"Statuten - Knabengesellschaft Andeer","og_description":"Zweck der Gesellschaft Art. 1 Die Knabengesellschaft Andeer hat den Zweck, eine n\u00e4here Verbindung unter der Jugend zu pflegen. Art. 2 Die Gesellschaft bezweckt, die alten Br\u00e4uche zu wahren: a) Jeder neueintretende Knabe ist verpflichtet, dreimal \u00fcber den Vereinsbesen zu springen sowie Lieder aus dem Liederb\u00fcchlein der Knabengesellschaft vorzusingen. Im Weiteren ist er verpflichtet einen [&hellip;]","og_url":"https:\/\/www.kga.ch\/wordpress\/?page_id=472","og_site_name":"Knabengesellschaft Andeer","article_publisher":"https:\/\/www.facebook.com\/kgandeer\/?locale=de_DE","article_modified_time":"2025-02-16T10:41:27+00:00","og_image":[{"width":512,"height":425,"url":"https:\/\/www.kga.ch\/wordpress\/wp-content\/uploads\/2023\/11\/cropped-cropped-kga.png","type":"image\/png"}],"twitter_card":"summary_large_image","twitter_site":"@Knabengesellschaft_andeer","twitter_misc":{"Gesch\u00e4tzte Lesezeit":"6\u00a0Minuten"},"schema":{"@context":"https:\/\/schema.org","@graph":[{"@type":"WebPage","@id":"https:\/\/www.kga.ch\/wordpress\/?page_id=472","url":"https:\/\/www.kga.ch\/wordpress\/?page_id=472","name":"Statuten - Knabengesellschaft Andeer","isPartOf":{"@id":"https:\/\/www.kga.ch\/wordpress\/#website"},"datePublished":"2025-02-16T08:38:55+00:00","dateModified":"2025-02-16T10:41:27+00:00","breadcrumb":{"@id":"https:\/\/www.kga.ch\/wordpress\/?page_id=472#breadcrumb"},"inLanguage":"de-CH","potentialAction":[{"@type":"ReadAction","target":["https:\/\/www.kga.ch\/wordpress\/?page_id=472"]}]},{"@type":"BreadcrumbList","@id":"https:\/\/www.kga.ch\/wordpress\/?page_id=472#breadcrumb","itemListElement":[{"@type":"ListItem","position":1,"name":"Startseite","item":"https:\/\/www.kga.ch\/wordpress\/"},{"@type":"ListItem","position":2,"name":"KGA kga Andeer Knabengesellschaft Statuten"}]},{"@type":"WebSite","@id":"https:\/\/www.kga.ch\/wordpress\/#website","url":"https:\/\/www.kga.ch\/wordpress\/","name":"Knabengesellschaft Andeer KGA","description":"Knabengesellschaft Andeer KGA","publisher":{"@id":"https:\/\/www.kga.ch\/wordpress\/#organization"},"alternateName":"KGA - Knabengesellschaft Andeer","potentialAction":[{"@type":"SearchAction","target":{"@type":"EntryPoint","urlTemplate":"https:\/\/www.kga.ch\/wordpress\/?s={search_term_string}"},"query-input":{"@type":"PropertyValueSpecification","valueRequired":true,"valueName":"search_term_string"}}],"inLanguage":"de-CH"},{"@type":"Organization","@id":"https:\/\/www.kga.ch\/wordpress\/#organization","name":"Knabengesellschaft Andeer","url":"https:\/\/www.kga.ch\/wordpress\/","logo":{"@type":"ImageObject","inLanguage":"de-CH","@id":"https:\/\/www.kga.ch\/wordpress\/#\/schema\/logo\/image\/","url":"https:\/\/www.kga.ch\/wordpress\/wp-content\/uploads\/2023\/11\/kga.png","contentUrl":"https:\/\/www.kga.ch\/wordpress\/wp-content\/uploads\/2023\/11\/kga.png","width":219,"height":230,"caption":"Knabengesellschaft Andeer"},"image":{"@id":"https:\/\/www.kga.ch\/wordpress\/#\/schema\/logo\/image\/"},"sameAs":["https:\/\/www.facebook.com\/kgandeer\/?locale=de_DE","https:\/\/x.com\/Knabengesellschaft_andeer"]}]}},"_links":{"self":[{"href":"https:\/\/www.kga.ch\/wordpress\/index.php?rest_route=\/wp\/v2\/pages\/472","targetHints":{"allow":["GET"]}}],"collection":[{"href":"https:\/\/www.kga.ch\/wordpress\/index.php?rest_route=\/wp\/v2\/pages"}],"about":[{"href":"https:\/\/www.kga.ch\/wordpress\/index.php?rest_route=\/wp\/v2\/types\/page"}],"author":[{"embeddable":true,"href":"https:\/\/www.kga.ch\/wordpress\/index.php?rest_route=\/wp\/v2\/users\/1"}],"replies":[{"embeddable":true,"href":"https:\/\/www.kga.ch\/wordpress\/index.php?rest_route=%2Fwp%2Fv2%2Fcomments&post=472"}],"version-history":[{"count":4,"href":"https:\/\/www.kga.ch\/wordpress\/index.php?rest_route=\/wp\/v2\/pages\/472\/revisions"}],"predecessor-version":[{"id":477,"href":"https:\/\/www.kga.ch\/wordpress\/index.php?rest_route=\/wp\/v2\/pages\/472\/revisions\/477"}],"wp:attachment":[{"href":"https:\/\/www.kga.ch\/wordpress\/index.php?rest_route=%2Fwp%2Fv2%2Fmedia&parent=472"}],"curies":[{"name":"wp","href":"https:\/\/api.w.org\/{rel}","templated":true}]}}