{"id":101,"date":"2012-11-13T14:44:54","date_gmt":"2012-11-13T12:44:54","guid":{"rendered":"http:\/\/www.kga.ch\/wordpress\/?page_id=101"},"modified":"2025-06-18T05:46:23","modified_gmt":"2025-06-18T04:46:23","slug":"die-kga","status":"publish","type":"page","link":"https:\/\/www.kga.ch\/wordpress\/?page_id=101","title":{"rendered":"Verein"},"content":{"rendered":"<p>Die Knabengesellschaft Andeer hat den Zweck, eine n\u00e4here Verbindung unter den Jungen zu pflegen. Sie wurde im Jahre 1895 gegr\u00fcndet.<\/p>\n<p>Mitglied kann jeder in Andeer, Pignia oder Clugin ans\u00e4ssige Knabe werden. Ferner k\u00f6nnen auch Ausw\u00e4rtige aufgenommen werden, welche in Andeer mindestens drei Jahre die Schulebesucht haben.<\/p>\n<p>Die KGA z\u00e4hlt rund 40 Aktiv- und viele weitere Passivmitglieder. UNteranderem organisiert sie den Stephansball, die KGA-Night, pflegt den Samiklaus Brauch und noch weiteres durch. Zudem werden zweimal im Jahr Vereinsausfl\u00fcge organisiert.<\/p>\n<p>Vereinsmitglied bleibt man(n), ohne einen vorzeitigen Austritt, bis zum Tag der Heirat.<\/p>\n<p><a href=\"http:\/\/www.kga.ch\/wordpress\/wp-content\/uploads\/2012\/11\/kga_statuten1.pdf\">Statuten der Knabengesellschaft Andeer<\/a><\/p>\n","protected":false},"excerpt":{"rendered":"<p>Die Knabengesellschaft Andeer hat den Zweck, eine n\u00e4here Verbindung unter den Jungen zu pflegen. Sie wurde im Jahre 1895 gegr\u00fcndet. Mitglied kann jeder in Andeer, Pignia oder Clugin ans\u00e4ssige Knabe werden. Ferner k\u00f6nnen auch Ausw\u00e4rtige aufgenommen werden, welche in Andeer mindestens drei Jahre die Schulebesucht haben. Die KGA z\u00e4hlt rund 40 Aktiv- und viele weitere [&hellip;]<\/p>\n","protected":false},"author":1,"featured_media":0,"parent":0,"menu_order":0,"comment_status":"closed","ping_status":"open","template":"","meta":{"footnotes":""},"class_list":["post-101","page","type-page","status-publish","hentry"],"yoast_head":"<!-- This site is optimized with the Yoast SEO plugin v27.5 - https:\/\/yoast.com\/product\/yoast-seo-wordpress\/ -->\n<title>Verein | Knabengesellschaft Andeer<\/title>\n<meta name=\"robots\" content=\"index, follow, max-snippet:-1, max-image-preview:large, max-video-preview:-1\" \/>\n<link rel=\"canonical\" href=\"https:\/\/www.kga.ch\/wordpress\/?page_id=101\" \/>\n<meta property=\"og:locale\" content=\"de_DE\" \/>\n<meta property=\"og:type\" content=\"article\" \/>\n<meta property=\"og:title\" content=\"Verein | Knabengesellschaft Andeer\" \/>\n<meta property=\"og:description\" content=\"Die Knabengesellschaft Andeer hat den Zweck, eine n\u00e4here Verbindung unter den Jungen zu pflegen. Sie wurde im Jahre 1895 gegr\u00fcndet. Mitglied kann jeder in Andeer, Pignia oder Clugin ans\u00e4ssige Knabe werden. Ferner k\u00f6nnen auch Ausw\u00e4rtige aufgenommen werden, welche in Andeer mindestens drei Jahre die Schulebesucht haben. Die KGA z\u00e4hlt rund 40 Aktiv- und viele weitere [&hellip;]\" \/>\n<meta property=\"og:url\" content=\"https:\/\/www.kga.ch\/wordpress\/?page_id=101\" \/>\n<meta property=\"og:site_name\" content=\"Knabengesellschaft Andeer\" \/>\n<meta property=\"article:publisher\" content=\"https:\/\/www.facebook.com\/kgandeer\/?locale=de_DE\" \/>\n<meta property=\"article:modified_time\" content=\"2025-06-18T04:46:23+00:00\" \/>\n<meta property=\"og:image\" content=\"https:\/\/www.kga.ch\/wordpress\/wp-content\/uploads\/2023\/11\/cropped-cropped-kga.png\" \/>\n\t<meta property=\"og:image:width\" content=\"512\" \/>\n\t<meta property=\"og:image:height\" content=\"425\" \/>\n\t<meta property=\"og:image:type\" content=\"image\/png\" \/>\n<meta name=\"twitter:card\" content=\"summary_large_image\" \/>\n<meta name=\"twitter:site\" content=\"@Knabengesellschaft_andeer\" \/>\n<meta name=\"twitter:label1\" content=\"Gesch\u00e4tzte Lesezeit\" \/>\n\t<meta name=\"twitter:data1\" content=\"1\u00a0Minute\" \/>\n<script type=\"application\/ld+json\" class=\"yoast-schema-graph\">{\"@context\":\"https:\\\/\\\/schema.org\",\"@graph\":[{\"@type\":\"WebPage\",\"@id\":\"https:\\\/\\\/www.kga.ch\\\/wordpress\\\/?page_id=101\",\"url\":\"https:\\\/\\\/www.kga.ch\\\/wordpress\\\/?page_id=101\",\"name\":\"Verein | Knabengesellschaft Andeer\",\"isPartOf\":{\"@id\":\"https:\\\/\\\/www.kga.ch\\\/wordpress\\\/#website\"},\"datePublished\":\"2012-11-13T12:44:54+00:00\",\"dateModified\":\"2025-06-18T04:46:23+00:00\",\"breadcrumb\":{\"@id\":\"https:\\\/\\\/www.kga.ch\\\/wordpress\\\/?page_id=101#breadcrumb\"},\"inLanguage\":\"de-CH\",\"potentialAction\":[{\"@type\":\"ReadAction\",\"target\":[\"https:\\\/\\\/www.kga.ch\\\/wordpress\\\/?page_id=101\"]}]},{\"@type\":\"BreadcrumbList\",\"@id\":\"https:\\\/\\\/www.kga.ch\\\/wordpress\\\/?page_id=101#breadcrumb\",\"itemListElement\":[{\"@type\":\"ListItem\",\"position\":1,\"name\":\"Startseite\",\"item\":\"https:\\\/\\\/www.kga.ch\\\/wordpress\\\/\"},{\"@type\":\"ListItem\",\"position\":2,\"name\":\"KGA kga Andeer Knabengesellschaft Verein Geschichte\"}]},{\"@type\":\"WebSite\",\"@id\":\"https:\\\/\\\/www.kga.ch\\\/wordpress\\\/#website\",\"url\":\"https:\\\/\\\/www.kga.ch\\\/wordpress\\\/\",\"name\":\"Knabengesellschaft Andeer KGA\",\"description\":\"Knabengesellschaft Andeer KGA\",\"publisher\":{\"@id\":\"https:\\\/\\\/www.kga.ch\\\/wordpress\\\/#organization\"},\"alternateName\":\"KGA - Knabengesellschaft Andeer\",\"potentialAction\":[{\"@type\":\"SearchAction\",\"target\":{\"@type\":\"EntryPoint\",\"urlTemplate\":\"https:\\\/\\\/www.kga.ch\\\/wordpress\\\/?s={search_term_string}\"},\"query-input\":{\"@type\":\"PropertyValueSpecification\",\"valueRequired\":true,\"valueName\":\"search_term_string\"}}],\"inLanguage\":\"de-CH\"},{\"@type\":\"Organization\",\"@id\":\"https:\\\/\\\/www.kga.ch\\\/wordpress\\\/#organization\",\"name\":\"Knabengesellschaft Andeer\",\"url\":\"https:\\\/\\\/www.kga.ch\\\/wordpress\\\/\",\"logo\":{\"@type\":\"ImageObject\",\"inLanguage\":\"de-CH\",\"@id\":\"https:\\\/\\\/www.kga.ch\\\/wordpress\\\/#\\\/schema\\\/logo\\\/image\\\/\",\"url\":\"https:\\\/\\\/www.kga.ch\\\/wordpress\\\/wp-content\\\/uploads\\\/2023\\\/11\\\/kga.png\",\"contentUrl\":\"https:\\\/\\\/www.kga.ch\\\/wordpress\\\/wp-content\\\/uploads\\\/2023\\\/11\\\/kga.png\",\"width\":219,\"height\":230,\"caption\":\"Knabengesellschaft Andeer\"},\"image\":{\"@id\":\"https:\\\/\\\/www.kga.ch\\\/wordpress\\\/#\\\/schema\\\/logo\\\/image\\\/\"},\"sameAs\":[\"https:\\\/\\\/www.facebook.com\\\/kgandeer\\\/?locale=de_DE\",\"https:\\\/\\\/x.com\\\/Knabengesellschaft_andeer\"]}]}<\/script>\n<!-- \/ Yoast SEO plugin. -->","yoast_head_json":{"title":"Verein | Knabengesellschaft Andeer","robots":{"index":"index","follow":"follow","max-snippet":"max-snippet:-1","max-image-preview":"max-image-preview:large","max-video-preview":"max-video-preview:-1"},"canonical":"https:\/\/www.kga.ch\/wordpress\/?page_id=101","og_locale":"de_DE","og_type":"article","og_title":"Verein | Knabengesellschaft Andeer","og_description":"Die Knabengesellschaft Andeer hat den Zweck, eine n\u00e4here Verbindung unter den Jungen zu pflegen. Sie wurde im Jahre 1895 gegr\u00fcndet. Mitglied kann jeder in Andeer, Pignia oder Clugin ans\u00e4ssige Knabe werden. Ferner k\u00f6nnen auch Ausw\u00e4rtige aufgenommen werden, welche in Andeer mindestens drei Jahre die Schulebesucht haben. Die KGA z\u00e4hlt rund 40 Aktiv- und viele weitere [&hellip;]","og_url":"https:\/\/www.kga.ch\/wordpress\/?page_id=101","og_site_name":"Knabengesellschaft Andeer","article_publisher":"https:\/\/www.facebook.com\/kgandeer\/?locale=de_DE","article_modified_time":"2025-06-18T04:46:23+00:00","og_image":[{"width":512,"height":425,"url":"https:\/\/www.kga.ch\/wordpress\/wp-content\/uploads\/2023\/11\/cropped-cropped-kga.png","type":"image\/png"}],"twitter_card":"summary_large_image","twitter_site":"@Knabengesellschaft_andeer","twitter_misc":{"Gesch\u00e4tzte Lesezeit":"1\u00a0Minute"},"schema":{"@context":"https:\/\/schema.org","@graph":[{"@type":"WebPage","@id":"https:\/\/www.kga.ch\/wordpress\/?page_id=101","url":"https:\/\/www.kga.ch\/wordpress\/?page_id=101","name":"Verein | Knabengesellschaft Andeer","isPartOf":{"@id":"https:\/\/www.kga.ch\/wordpress\/#website"},"datePublished":"2012-11-13T12:44:54+00:00","dateModified":"2025-06-18T04:46:23+00:00","breadcrumb":{"@id":"https:\/\/www.kga.ch\/wordpress\/?page_id=101#breadcrumb"},"inLanguage":"de-CH","potentialAction":[{"@type":"ReadAction","target":["https:\/\/www.kga.ch\/wordpress\/?page_id=101"]}]},{"@type":"BreadcrumbList","@id":"https:\/\/www.kga.ch\/wordpress\/?page_id=101#breadcrumb","itemListElement":[{"@type":"ListItem","position":1,"name":"Startseite","item":"https:\/\/www.kga.ch\/wordpress\/"},{"@type":"ListItem","position":2,"name":"KGA kga Andeer Knabengesellschaft Verein Geschichte"}]},{"@type":"WebSite","@id":"https:\/\/www.kga.ch\/wordpress\/#website","url":"https:\/\/www.kga.ch\/wordpress\/","name":"Knabengesellschaft Andeer KGA","description":"Knabengesellschaft Andeer KGA","publisher":{"@id":"https:\/\/www.kga.ch\/wordpress\/#organization"},"alternateName":"KGA - Knabengesellschaft Andeer","potentialAction":[{"@type":"SearchAction","target":{"@type":"EntryPoint","urlTemplate":"https:\/\/www.kga.ch\/wordpress\/?s={search_term_string}"},"query-input":{"@type":"PropertyValueSpecification","valueRequired":true,"valueName":"search_term_string"}}],"inLanguage":"de-CH"},{"@type":"Organization","@id":"https:\/\/www.kga.ch\/wordpress\/#organization","name":"Knabengesellschaft Andeer","url":"https:\/\/www.kga.ch\/wordpress\/","logo":{"@type":"ImageObject","inLanguage":"de-CH","@id":"https:\/\/www.kga.ch\/wordpress\/#\/schema\/logo\/image\/","url":"https:\/\/www.kga.ch\/wordpress\/wp-content\/uploads\/2023\/11\/kga.png","contentUrl":"https:\/\/www.kga.ch\/wordpress\/wp-content\/uploads\/2023\/11\/kga.png","width":219,"height":230,"caption":"Knabengesellschaft Andeer"},"image":{"@id":"https:\/\/www.kga.ch\/wordpress\/#\/schema\/logo\/image\/"},"sameAs":["https:\/\/www.facebook.com\/kgandeer\/?locale=de_DE","https:\/\/x.com\/Knabengesellschaft_andeer"]}]}},"_links":{"self":[{"href":"https:\/\/www.kga.ch\/wordpress\/index.php?rest_route=\/wp\/v2\/pages\/101","targetHints":{"allow":["GET"]}}],"collection":[{"href":"https:\/\/www.kga.ch\/wordpress\/index.php?rest_route=\/wp\/v2\/pages"}],"about":[{"href":"https:\/\/www.kga.ch\/wordpress\/index.php?rest_route=\/wp\/v2\/types\/page"}],"author":[{"embeddable":true,"href":"https:\/\/www.kga.ch\/wordpress\/index.php?rest_route=\/wp\/v2\/users\/1"}],"replies":[{"embeddable":true,"href":"https:\/\/www.kga.ch\/wordpress\/index.php?rest_route=%2Fwp%2Fv2%2Fcomments&post=101"}],"version-history":[{"count":20,"href":"https:\/\/www.kga.ch\/wordpress\/index.php?rest_route=\/wp\/v2\/pages\/101\/revisions"}],"predecessor-version":[{"id":522,"href":"https:\/\/www.kga.ch\/wordpress\/index.php?rest_route=\/wp\/v2\/pages\/101\/revisions\/522"}],"wp:attachment":[{"href":"https:\/\/www.kga.ch\/wordpress\/index.php?rest_route=%2Fwp%2Fv2%2Fmedia&parent=101"}],"curies":[{"name":"wp","href":"https:\/\/api.w.org\/{rel}","templated":true}]}}